{"id":4512,"date":"2024-03-18T22:01:10","date_gmt":"2024-03-18T21:01:10","guid":{"rendered":"https:\/\/efferen.cdu-huerth.de\/?page_id=4512"},"modified":"2024-04-07T16:00:54","modified_gmt":"2024-04-07T14:00:54","slug":"wahlkreis-16-thomas-blank","status":"publish","type":"page","link":"https:\/\/efferen.cdu-huerth.de\/?page_id=4512","title":{"rendered":"Wahlkreis 16: Thomas Blank"},"content":{"rendered":"<p><strong><a href=\"https:\/\/efferen.cdu-huerth.de\/wp-content\/uploads\/2024\/03\/WK16_Thomas-Blank_locker-quer.jpg\"><img loading=\"lazy\" decoding=\"async\" class=\"aligncenter size-full wp-image-4535\" src=\"https:\/\/efferen.cdu-huerth.de\/wp-content\/uploads\/2024\/03\/WK16_Thomas-Blank_locker-quer.jpg\" alt=\"\" width=\"1024\" height=\"682\" srcset=\"https:\/\/efferen.cdu-huerth.de\/wp-content\/uploads\/2024\/03\/WK16_Thomas-Blank_locker-quer.jpg 1024w, https:\/\/efferen.cdu-huerth.de\/wp-content\/uploads\/2024\/03\/WK16_Thomas-Blank_locker-quer-300x200.jpg 300w, https:\/\/efferen.cdu-huerth.de\/wp-content\/uploads\/2024\/03\/WK16_Thomas-Blank_locker-quer-768x512.jpg 768w, https:\/\/efferen.cdu-huerth.de\/wp-content\/uploads\/2024\/03\/WK16_Thomas-Blank_locker-quer-750x500.jpg 750w\" sizes=\"auto, (max-width: 1024px) 100vw, 1024px\" \/><\/a><\/strong><\/p>\n<p><span style=\"font-size: 14pt;\"><strong>Thomas Blank<\/strong><\/span><\/p>\n<p>Berrenrather Stra\u00dfe 456, 50354 H\u00fcrth | thomas.blank@cdu-huerth.de | 02233 69 10 09<\/p>\n<p>Ratsmitglied, Ortsvorsteher | Pension\u00e4r | Geb. 09.11.1954 | verheiratet | 2 Kinder<\/p>\n<p>Aktuelle Aussch\u00fcsse als ordentliches Mitglied: Rechnungspr\u00fcfungsausschuss, Verwaltungsrat<\/p>\n<p>Aktuelle Aussch\u00fcsse als stellvertretendes Mitglied: Ausschuss f\u00fcr Finanzen, Beteiligungen und Haushaltskonsolierung, Jugendhilfeausschuss, Wahlausschuss, Wahlpr\u00fcfungsausschuss, Integrationsrat&nbsp;<\/p>\n<p>Zus\u00e4tzlich Vetreter im Zweckverband S\u00fcdlicher Randkanal und Vetreter im Duffesbachverband<\/p>\n<hr>\n<p>Politik hat mich schon in jungen Jahren interessiert. Berufsbedingt musste ich aber lange warten, um den Einstieg zu bekommen. Sich in der Kommune einzubringen und positiv auf Entscheidungen einzuwirken, das waren die Grundlagen zum Mitmachen in der Kommunalpolitik.<\/p>\n<p>Ich bin verheiratet, habe zwei Kinder und bin seit 2019 stolzer Opa von zwei wunderbaren Enkelkindern, die meiner Frau und mir sehr viel Freude bereiten. Seit 2016 befinde ich mich im Ruhestand.<\/p>\n<p>Von 2012 bis 2023 war ich Vorsitzender des CDU-Ortsverbandes Efferen, seit 2014 bin ich Ratsmitglied und Ortsvorsteher f\u00fcr Efferen. Durch diese T\u00e4tigkeit konnte ich in den vergangenen Jahren viele positive Akzente f\u00fcr unseren Ortsteil setzen.<\/p>\n<p>Efferen muss <strong>lebens- und liebenswert<\/strong> bleiben. Mit vielen Kinderg\u00e4rten und zwei Grundschulen, ist unser Stadtteil gerade f\u00fcr junge Familien ein attraktiver Wohnort. Mit Nahversorgern gibt es die M\u00f6glichkeit die wichtigsten Dinge des Tagesbedarfs einzukaufen. Die Gastronomie mit ihren Restaurants, Gastst\u00e4tten, Caf\u00e9s und Eisdielen l\u00e4dt zum Besuch ein. Ich lebe gerne in Efferen!<\/p>\n<p>Die Entwicklung in einzelnen Stadtteilen ist herausfordernd. Der R\u00fcckgang von Gastronomie und Einzelhandel pr\u00e4gt viele Orte im Stadtgebiet. Leerst\u00e4nde und unternutzte Fl\u00e4chen bieten triste Anblicke. Ich m\u00f6chte an einem Konzept f\u00fcr Efferen mitwirken, das den Ort als Einzelhandelsstandort st\u00e4rkt. F\u00fcr die unterschiedlichen Quartiere Ma\u00dfnahmen entwickeln, die den <strong>sozialen Austausch<\/strong>, die <strong>Verkehrsentwicklung<\/strong> und das <strong>st\u00e4dtebauliche Erscheinungsbild<\/strong> weiter verbessern. Dazu z\u00e4hlt auch, dass die Voraussetzungen f\u00fcr die Ansiedlung eines neuen <strong>Drogeriemarktes<\/strong> geschaffen werden.<\/p>\n<p>In den vergangenen Jahren haben die Betreuungsangebote f\u00fcr unsere Kleinsten kontinuierlich erweitert und mit der Schaffung des Waldkindergartens die Kapazit\u00e4ten ausgebaut. In Efferen-West wurde bereits der n\u00e4chste Kindergarten realisiert. Damit tragen wir dem weiter steigenden Bedarf an ortsnahen Angeboten Rechnung.<\/p>\n<p>Der Anteil des <strong>Radverkehrs<\/strong> an der Mobilit\u00e4t ist weiter zu steigern. Die Infrastruktur muss hierf\u00fcr so gestaltet werden, dass Radfahren attraktiv wird und Spa\u00df macht. In den letzten Jahren haben wir viel Geld in die Reparatur von Radwegen gesteckt. Da, wo keine st\u00e4dtischen Einwirkungsm\u00f6glichkeiten bestehen, stehe ich daf\u00fcr ein, <strong>Alternativen<\/strong> zu planen. Wie etwa eine schnelle Radwegeverbindung von Fischenich \u00fcber Herm\u00fclheim nach Efferen, entlang der Stadtbahnlinie.<\/p>\n","protected":false},"excerpt":{"rendered":"<p>Thomas Blank Berrenrather Stra\u00dfe 456, 50354 H\u00fcrth | thomas.blank@cdu-huerth.de | 02233 69 10 09 Ratsmitglied, Ortsvorsteher | Pension\u00e4r | Geb. 09.11.1954 | verheiratet | 2 Kinder Aktuelle Aussch\u00fcsse als ordentliches Mitglied: Rechnungspr\u00fcfungsausschuss, Verwaltungsrat Aktuelle Aussch\u00fcsse als stellvertretendes Mitglied: Ausschuss f\u00fcr Finanzen, Beteiligungen und Haushaltskonsolierung, Jugendhilfeausschuss, Wahlausschuss, Wahlpr\u00fcfungsausschuss, Integrationsrat&nbsp; Zus\u00e4tzlich Vetreter im Zweckverband S\u00fcdlicher Randkanal und &hellip; <\/p>\n<p><a class=\"more-link btn\" href=\"https:\/\/efferen.cdu-huerth.de\/?page_id=4512\">Weiterlesen<\/a><\/p>\n","protected":false},"author":18,"featured_media":0,"parent":4507,"menu_order":0,"comment_status":"closed","ping_status":"closed","template":"","meta":{"ngg_post_thumbnail":0,"footnotes":"","_links_to":"","_links_to_target":""},"class_list":["post-4512","page","type-page","status-publish","hentry","nodate","item-wrap"],"_links":{"self":[{"href":"https:\/\/efferen.cdu-huerth.de\/index.php?rest_route=\/wp\/v2\/pages\/4512","targetHints":{"allow":["GET"]}}],"collection":[{"href":"https:\/\/efferen.cdu-huerth.de\/index.php?rest_route=\/wp\/v2\/pages"}],"about":[{"href":"https:\/\/efferen.cdu-huerth.de\/index.php?rest_route=\/wp\/v2\/types\/page"}],"author":[{"embeddable":true,"href":"https:\/\/efferen.cdu-huerth.de\/index.php?rest_route=\/wp\/v2\/users\/18"}],"replies":[{"embeddable":true,"href":"https:\/\/efferen.cdu-huerth.de\/index.php?rest_route=%2Fwp%2Fv2%2Fcomments&post=4512"}],"version-history":[{"count":10,"href":"https:\/\/efferen.cdu-huerth.de\/index.php?rest_route=\/wp\/v2\/pages\/4512\/revisions"}],"predecessor-version":[{"id":4629,"href":"https:\/\/efferen.cdu-huerth.de\/index.php?rest_route=\/wp\/v2\/pages\/4512\/revisions\/4629"}],"up":[{"embeddable":true,"href":"https:\/\/efferen.cdu-huerth.de\/index.php?rest_route=\/wp\/v2\/pages\/4507"}],"wp:attachment":[{"href":"https:\/\/efferen.cdu-huerth.de\/index.php?rest_route=%2Fwp%2Fv2%2Fmedia&parent=4512"}],"curies":[{"name":"wp","href":"https:\/\/api.w.org\/{rel}","templated":true}]}}