{"id":4526,"date":"2024-03-18T22:21:19","date_gmt":"2024-03-18T21:21:19","guid":{"rendered":"https:\/\/efferen.cdu-huerth.de\/?page_id=4526"},"modified":"2024-04-12T15:51:16","modified_gmt":"2024-04-12T13:51:16","slug":"wahlkreis-19-hanno-beckmann","status":"publish","type":"page","link":"https:\/\/efferen.cdu-huerth.de\/?page_id=4526","title":{"rendered":"Wahlkreis 19: Hanno Beckmann"},"content":{"rendered":"<p><a href=\"https:\/\/efferen.cdu-huerth.de\/wp-content\/uploads\/2024\/03\/Stadtrat_Hanno_Beckmann1-scaled.jpg\"><img loading=\"lazy\" decoding=\"async\" class=\"size-full wp-image-4586\" src=\"https:\/\/efferen.cdu-huerth.de\/wp-content\/uploads\/2024\/03\/Stadtrat_Hanno_Beckmann1-scaled.jpg\" alt=\"\" width=\"2560\" height=\"1706\" srcset=\"https:\/\/efferen.cdu-huerth.de\/wp-content\/uploads\/2024\/03\/Stadtrat_Hanno_Beckmann1-scaled.jpg 2560w, https:\/\/efferen.cdu-huerth.de\/wp-content\/uploads\/2024\/03\/Stadtrat_Hanno_Beckmann1-300x200.jpg 300w, https:\/\/efferen.cdu-huerth.de\/wp-content\/uploads\/2024\/03\/Stadtrat_Hanno_Beckmann1-1024x683.jpg 1024w, https:\/\/efferen.cdu-huerth.de\/wp-content\/uploads\/2024\/03\/Stadtrat_Hanno_Beckmann1-768x512.jpg 768w, https:\/\/efferen.cdu-huerth.de\/wp-content\/uploads\/2024\/03\/Stadtrat_Hanno_Beckmann1-1536x1024.jpg 1536w, https:\/\/efferen.cdu-huerth.de\/wp-content\/uploads\/2024\/03\/Stadtrat_Hanno_Beckmann1-2048x1365.jpg 2048w, https:\/\/efferen.cdu-huerth.de\/wp-content\/uploads\/2024\/03\/Stadtrat_Hanno_Beckmann1-750x500.jpg 750w\" sizes=\"auto, (max-width: 2560px) 100vw, 2560px\" \/><\/a><\/p>\n<p style=\"text-align: left;\"><span style=\"font-size: 14pt;\"><strong>Hanno Beckmann&nbsp;<\/strong><\/span><\/p>\n<p>Kalscheurener Str. 63, 50354 H\u00fcrth | hanno.beckmann@cdu-huerth.de | 02233 96 66 440<\/p>\n<p>Ratsmitglied | Selbstst\u00e4ndig, Inhaber der Musikschule Efferen | Geb. 01.04.1970 | verheiratet | 6 Kinder<\/p>\n<p>Aktuelle Aussch\u00fcsse als stellvertretendes Mitglied: Ausschuss f\u00fcr Bildung, Soziales und Inklusion, Ausschuss f\u00fcr Kultur, Sport und B\u00e4der&nbsp;<\/p>\n<hr>\n<p>Mein Name ist Hanno Beckmann, ich lebe seit vielen Jahren gemeinsam mit meiner Familie auf der &#8220;Sch\u00e4l Sick&#8221; von Efferen. Hier im <strong>Kunst- und Medienviertel<\/strong> fand mein kommunalpolitisches Engagement seinen Anfang.&nbsp;<\/p>\n<div dir=\"auto\">Als Vater von sechs Kindern wei\u00df ich, wie wichtig eine <strong>gute Bildung<\/strong> f\u00fcr die Zukunft unserer Kinder ist. Deshalb setze ich mich im Ausschuss f\u00fcr Bildung, Soziales und Inklusion daf\u00fcr ein, dass alle Kinder in unserer Stadt die bestm\u00f6gliche Bildung erhalten. Jedes Kind verdient die Chance, sein<strong> volles Potenzial<\/strong> zu entfalten.<\/div>\n<div dir=\"auto\">&nbsp;<\/div>\n<div dir=\"auto\">Aber auch die Kultur ist mir ein Anliegen. Als Betreiber der <strong>Musikschule Efferen<\/strong> erlebe ich t\u00e4glich die transformative Kraft von Kunst und Kultur. Daher ist es mir ein Herzensanliegen, sicherzustellen, dass H\u00fcrth eine bl\u00fchende Kulturszene hat, die f\u00fcr alle zug\u00e4nglich ist.<\/div>\n<div dir=\"auto\">&nbsp;<\/div>\n<div dir=\"auto\">F\u00fcr mich ist das ehrenamtliche Engagement in der Kommunalpolitik mehr als nur eine Verpflichtung &#8211; es ist eine M\u00f6glichkeit, meine Liebe zur Gemeinschaft und mein Engagement f\u00fcr eine <strong>bessere Zukunft<\/strong> zum Ausdruck zu bringen.&nbsp;<\/div>\n<div dir=\"auto\">&nbsp;<\/div>\n<div dir=\"auto\">Efferen muss&nbsp;<strong>lebens- und liebenswert<\/strong>&nbsp;bleiben. Mit vielen Kinderg\u00e4rten und zwei Grundschulen, ist unser Stadtteil gerade f\u00fcr junge Familien ein attraktiver Wohnort. Mit Nahversorgern gibt es die M\u00f6glichkeit die wichtigsten Dinge des Tagesbedarfs einzukaufen. Die Gastronomie mit ihren Restaurants, Gastst\u00e4tten, Caf\u00e9s und Eisdielen l\u00e4dt zum Besuch ein. <strong>Ich lebe gerne in Efferen!<\/strong><\/div>\n<div dir=\"auto\">&nbsp;<\/div>\n<div dir=\"auto\">Die Entwicklung in einzelnen Stadtteilen ist herausfordernd. Der R\u00fcckgang von Gastronomie und Einzelhandel pr\u00e4gt viele Orte im Stadtgebiet. Leerst\u00e4nde und unternutzte Fl\u00e4chen bieten triste Anblicke. Ich m\u00f6chte an einem Konzept f\u00fcr Efferen mitwirken, das den Ort als <strong>Einzelhandelsstandort<\/strong> st\u00e4rkt. F\u00fcr die unterschiedlichen Quartiere Ma\u00dfnahmen entwickeln, die den sozialen Austausch, die Verkehrsentwicklung und das st\u00e4dtebauliche Erscheinungsbild weiter verbessern. Dazu z\u00e4hlt auch, dass die Voraussetzungen f\u00fcr die Ansiedlung eines neuen <strong>Drogeriemarktes<\/strong> <wbr>geschaffen werden.<\/div>\n<div dir=\"auto\">&nbsp;<\/div>\n<div dir=\"auto\">In den vergangenen Jahren haben die Betreuungsangebote f\u00fcr unsere Kleinsten kontinuierlich erweitert und mit der Schaffung des <strong>Waldkindergartens<\/strong> die Kapazit\u00e4ten ausgebaut. In Efferen-West wurde bereits der n\u00e4chste Kindergarten realisiert. Damit tragen wir dem weiter steigenden Bedarf an ortsnahen Angeboten Rechnung.<\/div>\n<div dir=\"auto\">&nbsp;<\/div>\n<div dir=\"auto\">Der Anteil des&nbsp;Radverkehrs&nbsp;an der Mobilit\u00e4t ist weiter zu steigern. Die Infrastruktur muss hierf\u00fcr so gestaltet werden, dass <strong>Radfahren attraktiv<\/strong> wird und Spa\u00df macht. In den letzten Jahren haben wir viel Geld in die Reparatur von Radwegen gesteckt. Da, wo keine st\u00e4dtischen Einwirkungsm\u00f6glichkeiten bestehen, stehe ich daf\u00fcr ein,&nbsp;Alternativen&nbsp;zu planen. Wie etwa eine schnelle Radwegeverbindung von Fischenich \u00fcber Herm\u00fclheim nach Efferen, entlang der Stadtbahnlinie.<\/div>\n","protected":false},"excerpt":{"rendered":"<p>Hanno Beckmann&nbsp; Kalscheurener Str. 63, 50354 H\u00fcrth | hanno.beckmann@cdu-huerth.de | 02233 96 66 440 Ratsmitglied | Selbstst\u00e4ndig, Inhaber der Musikschule Efferen | Geb. 01.04.1970 | verheiratet | 6 Kinder Aktuelle Aussch\u00fcsse als stellvertretendes Mitglied: Ausschuss f\u00fcr Bildung, Soziales und Inklusion, Ausschuss f\u00fcr Kultur, Sport und B\u00e4der&nbsp; Mein Name ist Hanno Beckmann, ich lebe seit vielen &hellip; <\/p>\n<p><a class=\"more-link btn\" href=\"https:\/\/efferen.cdu-huerth.de\/?page_id=4526\">Weiterlesen<\/a><\/p>\n","protected":false},"author":18,"featured_media":0,"parent":4507,"menu_order":0,"comment_status":"closed","ping_status":"closed","template":"","meta":{"ngg_post_thumbnail":0,"footnotes":"","_links_to":"","_links_to_target":""},"class_list":["post-4526","page","type-page","status-publish","hentry","nodate","item-wrap"],"_links":{"self":[{"href":"https:\/\/efferen.cdu-huerth.de\/index.php?rest_route=\/wp\/v2\/pages\/4526","targetHints":{"allow":["GET"]}}],"collection":[{"href":"https:\/\/efferen.cdu-huerth.de\/index.php?rest_route=\/wp\/v2\/pages"}],"about":[{"href":"https:\/\/efferen.cdu-huerth.de\/index.php?rest_route=\/wp\/v2\/types\/page"}],"author":[{"embeddable":true,"href":"https:\/\/efferen.cdu-huerth.de\/index.php?rest_route=\/wp\/v2\/users\/18"}],"replies":[{"embeddable":true,"href":"https:\/\/efferen.cdu-huerth.de\/index.php?rest_route=%2Fwp%2Fv2%2Fcomments&post=4526"}],"version-history":[{"count":5,"href":"https:\/\/efferen.cdu-huerth.de\/index.php?rest_route=\/wp\/v2\/pages\/4526\/revisions"}],"predecessor-version":[{"id":4638,"href":"https:\/\/efferen.cdu-huerth.de\/index.php?rest_route=\/wp\/v2\/pages\/4526\/revisions\/4638"}],"up":[{"embeddable":true,"href":"https:\/\/efferen.cdu-huerth.de\/index.php?rest_route=\/wp\/v2\/pages\/4507"}],"wp:attachment":[{"href":"https:\/\/efferen.cdu-huerth.de\/index.php?rest_route=%2Fwp%2Fv2%2Fmedia&parent=4526"}],"curies":[{"name":"wp","href":"https:\/\/api.w.org\/{rel}","templated":true}]}}