{"id":4528,"date":"2024-03-18T22:21:36","date_gmt":"2024-03-18T21:21:36","guid":{"rendered":"https:\/\/efferen.cdu-huerth.de\/?page_id=4528"},"modified":"2025-02-05T18:47:24","modified_gmt":"2025-02-05T17:47:24","slug":"wahlkreis-20-daniela-kunze","status":"publish","type":"page","link":"https:\/\/efferen.cdu-huerth.de\/?page_id=4528","title":{"rendered":"Wahlkreis 20: Daniela Kunze"},"content":{"rendered":"<p><span style=\"font-size: 14pt;\"><a href=\"https:\/\/efferen.cdu-huerth.de\/wp-content\/uploads\/2024\/03\/Stellv._Vorsitzende_Daniela_Kunze1-scaled.jpg\"><img loading=\"lazy\" decoding=\"async\" class=\"aligncenter wp-image-4576 size-full\" src=\"https:\/\/efferen.cdu-huerth.de\/wp-content\/uploads\/2024\/03\/Stellv._Vorsitzende_Daniela_Kunze1-scaled.jpg\" alt=\"\" width=\"2560\" height=\"1706\" srcset=\"https:\/\/efferen.cdu-huerth.de\/wp-content\/uploads\/2024\/03\/Stellv._Vorsitzende_Daniela_Kunze1-scaled.jpg 2560w, https:\/\/efferen.cdu-huerth.de\/wp-content\/uploads\/2024\/03\/Stellv._Vorsitzende_Daniela_Kunze1-300x200.jpg 300w, https:\/\/efferen.cdu-huerth.de\/wp-content\/uploads\/2024\/03\/Stellv._Vorsitzende_Daniela_Kunze1-1024x683.jpg 1024w, https:\/\/efferen.cdu-huerth.de\/wp-content\/uploads\/2024\/03\/Stellv._Vorsitzende_Daniela_Kunze1-768x512.jpg 768w, https:\/\/efferen.cdu-huerth.de\/wp-content\/uploads\/2024\/03\/Stellv._Vorsitzende_Daniela_Kunze1-1536x1024.jpg 1536w, https:\/\/efferen.cdu-huerth.de\/wp-content\/uploads\/2024\/03\/Stellv._Vorsitzende_Daniela_Kunze1-2048x1365.jpg 2048w, https:\/\/efferen.cdu-huerth.de\/wp-content\/uploads\/2024\/03\/Stellv._Vorsitzende_Daniela_Kunze1-750x500.jpg 750w\" sizes=\"auto, (max-width: 2560px) 100vw, 2560px\" \/><\/a><\/span><\/p>\n<p><span style=\"font-size: 14pt;\"><strong>Daniela Kunze&nbsp;<\/strong><\/span><\/p>\n<p>50354 H\u00fcrth | daniela.kunze@cdu-huerth.de&nbsp;<\/p>\n<p>Ratsmitglied | Angestellte im \u00f6ffentlichen Dienst | verheiratet | 2 Kinder<\/p>\n<p>Aktuelle Aussch\u00fcsse als ordentliches Mitglied: Ausschuss f\u00fcr Bildung, Soziales und Inklusion, Ausschuss f\u00fcr Kultur, Sport und B\u00e4der<\/p>\n<p>Aktuelle Aussch\u00fcsse als stellvertretendes Mitglied: Hauptausschuss, Verwaltungsrat, Wahlausschuss, Wahlpr\u00fcfungsausschuss&nbsp;<\/p>\n","protected":false},"excerpt":{"rendered":"<p>Daniela Kunze&nbsp; 50354 H\u00fcrth | daniela.kunze@cdu-huerth.de&nbsp; Ratsmitglied | Angestellte im \u00f6ffentlichen Dienst | verheiratet | 2 Kinder Aktuelle Aussch\u00fcsse als ordentliches Mitglied: Ausschuss f\u00fcr Bildung, Soziales und Inklusion, Ausschuss f\u00fcr Kultur, Sport und B\u00e4der Aktuelle Aussch\u00fcsse als stellvertretendes Mitglied: Hauptausschuss, Verwaltungsrat, Wahlausschuss, Wahlpr\u00fcfungsausschuss&nbsp;<\/p>\n","protected":false},"author":18,"featured_media":0,"parent":4507,"menu_order":0,"comment_status":"closed","ping_status":"closed","template":"","meta":{"ngg_post_thumbnail":0,"footnotes":"","_links_to":"","_links_to_target":""},"class_list":["post-4528","page","type-page","status-publish","hentry","nodate","item-wrap"],"_links":{"self":[{"href":"https:\/\/efferen.cdu-huerth.de\/index.php?rest_route=\/wp\/v2\/pages\/4528","targetHints":{"allow":["GET"]}}],"collection":[{"href":"https:\/\/efferen.cdu-huerth.de\/index.php?rest_route=\/wp\/v2\/pages"}],"about":[{"href":"https:\/\/efferen.cdu-huerth.de\/index.php?rest_route=\/wp\/v2\/types\/page"}],"author":[{"embeddable":true,"href":"https:\/\/efferen.cdu-huerth.de\/index.php?rest_route=\/wp\/v2\/users\/18"}],"replies":[{"embeddable":true,"href":"https:\/\/efferen.cdu-huerth.de\/index.php?rest_route=%2Fwp%2Fv2%2Fcomments&post=4528"}],"version-history":[{"count":6,"href":"https:\/\/efferen.cdu-huerth.de\/index.php?rest_route=\/wp\/v2\/pages\/4528\/revisions"}],"predecessor-version":[{"id":4853,"href":"https:\/\/efferen.cdu-huerth.de\/index.php?rest_route=\/wp\/v2\/pages\/4528\/revisions\/4853"}],"up":[{"embeddable":true,"href":"https:\/\/efferen.cdu-huerth.de\/index.php?rest_route=\/wp\/v2\/pages\/4507"}],"wp:attachment":[{"href":"https:\/\/efferen.cdu-huerth.de\/index.php?rest_route=%2Fwp%2Fv2%2Fmedia&parent=4528"}],"curies":[{"name":"wp","href":"https:\/\/api.w.org\/{rel}","templated":true}]}}